{"id":3804,"date":"2020-11-29T19:27:21","date_gmt":"2020-11-29T19:27:21","guid":{"rendered":"https:\/\/invisiblehairturkey.com\/?page_id=3804"},"modified":"2021-02-04T15:32:14","modified_gmt":"2021-02-04T15:32:14","slug":"kvkk-ve-gizlilik-politikasi","status":"publish","type":"page","link":"https:\/\/invisiblehairturkey.com\/en\/kvkk-ve-gizlilik-politikasi\/","title":{"rendered":"K\u0130\u015e\u0130SEL VER\u0130LER\u0130N\u0130N KORUNMASINA \u0130L\u0130\u015eK\u0130N AYDINLATMA METN\u0130"},"content":{"rendered":"\n<p><strong>INVISIBLE HAIR PERUK VE SA\u00c7 TASARIM SANAY\u0130 VE L\u0130M\u0130TED \u015e\u0130RKET\u0130<\/strong><\/p>\n\n\n\n<p><strong>K\u0130\u015e\u0130SEL VER\u0130LER\u0130N\u0130N KORUNMASINA \u0130L\u0130\u015eK\u0130N AYDINLATMA METN\u0130<\/strong><\/p>\n\n\n\n<p>Sevgili M\u00fc\u015fterilerimiz ve Ziyaret\u00e7ilerimiz;<\/p>\n\n\n\n<p><strong>INVISIBLE HAIR PERUK VE SA\u00c7 TASARIM SANAY\u0130 VE L\u0130M\u0130TED \u015e\u0130RKET\u0130 (\u201c\u015eirket\u201d)<\/strong> olarak ki\u015fisel verilerinizin g\u00fcvenli\u011fi hususuna azami hassasiyet g\u00f6stermekteyiz. Bu bilin\u00e7le, \u015eirket olarak \u00fcr\u00fcn ve hizmetlerimizden faydalanan ki\u015filer dahil, \u015eirket ile ili\u015fkili t\u00fcm ger\u00e7ek ki\u015filere ait her t\u00fcrl\u00fc ki\u015fisel verinin, 6698 say\u0131l\u0131 Ki\u015fisel Verilerin Korunmas\u0131 Kanunu <strong>(\u201cKVKK\u201d)<\/strong> ve ba\u011fl\u0131 mevzuat\u0131na uygun olarak i\u015flenerek muhafaza edilmesine b\u00fcy\u00fck \u00f6nem vermekteyiz. Bu sorumlulu\u011fumuzun tam idraki ile KVKK\u2019 da tan\u0131ml\u0131 \u015fekli ile \u201cveri sorumlusu\u201d s\u0131fat\u0131yla, ki\u015fisel verileri a\u015fa\u011f\u0131da izah edildi\u011fi surette ve mevzuat taraf\u0131ndan emredilen s\u0131n\u0131rlar \u00e7er\u00e7evesinde i\u015flemekteyiz.<\/p>\n\n\n\n<p><strong>\u0130\u015eLENEN K\u0130\u015e\u0130SEL VER\u0130LER\u0130N\u0130Z, TOPLAMA Y\u00d6NTEM\u0130, \u0130\u015eLENME AMA\u00c7LARI VE YASAL DAYANA\u011eI<\/strong><\/p>\n\n\n\n<p>Toplanan ki\u015fisel verileriniz, hukuka ve KVKK\u2019 n\u0131n amac\u0131na uygun olarak \u015eirketimizin kanunlardan kaynaklanan hukuki y\u00fck\u00fcml\u00fcl\u00fcklerinin yerine getirilebilmesi, ticari i\u015fbirliklerinin, y\u00f6netim ve ileti\u015fim faaliyetlerinin ve stratejilerinin do\u011fru olarak planlanmas\u0131, y\u00fcr\u00fct\u00fclmesi ve y\u00f6netilmesi, \u00fcr\u00fcn ve hizmetlerin tan\u0131t\u0131m\u0131n\u0131n yap\u0131labilmesi, \u00fcr\u00fcn ve hizmetlerinden ki\u015fisel veri sahiplerinin en iyi \u015fekilde faydaland\u0131r\u0131lmas\u0131 i\u00e7in gerekli \u00e7al\u0131\u015fmalar\u0131n i\u015f birimlerimiz taraf\u0131ndan yap\u0131lmas\u0131 ve onlar\u0131n talep, ihtiya\u00e7 ve isteklerine g\u00f6re \u00f6zel hale getirilerek \u00f6nerilmesi, veri g\u00fcvenli\u011finin en \u00fcst d\u00fczeyde sa\u011flanmas\u0131, <strong>\u201cinvisiblehairturkey.com\u201d<\/strong> internet sitemizde sunulan hizmetlerin geli\u015ftirilmesi ve sitede olu\u015fan hatalar\u0131n giderilmesi, talep ve \u015fikayetlerini ileten ki\u015fisel veri sahipleri ile ileti\u015fime ge\u00e7ilmesi ve talep ve \u015fikayet y\u00f6netiminin sa\u011flanmas\u0131, etkinlik y\u00f6netimi, yetkili kurulu\u015flara mevzuattan kaynakl\u0131 bilgi verilmesi, ziyaret\u00e7i kay\u0131tlar\u0131n\u0131n olu\u015fturulmas\u0131 ve takibi, \u015eirketimizin ticari ve i\u015f stratejilerinin belirlenmesi ve uygulanmas\u0131, \u015eirketimizin insan kaynaklar\u0131 politikalar\u0131n\u0131n y\u00fcr\u00fct\u00fclmesinin temini ile di\u011fer kanunlar ile kurulmu\u015f olan \u00fc\u00e7\u00fcnc\u00fc ki\u015fi hizmet platformlar\u0131na yasal y\u00fck\u00fcml\u00fcl\u00fcklerini yerine getirebilmesi i\u00e7in kaydedilmesi ama\u00e7lar\u0131yla s\u0131n\u0131rl\u0131 olarak, KVKK\u2019 n\u0131n 5. ve 6. maddelerinde belirtilen hukuka uygunluk sebepleri \u00e7er\u00e7evesinde ki\u015filik haklar\u0131n\u0131za zarar vermemek kayd\u0131 ile <strong>a\u00e7\u0131k r\u0131zan\u0131za istinaden<\/strong> me\u015fru menfaatimiz kapsam\u0131nda taraf\u0131m\u0131zca i\u015flenebilecektir.<\/p>\n\n\n\n<p>Yasal y\u00fck\u00fcml\u00fcl\u00fc\u011f\u00fcm\u00fcz gere\u011fi i\u015fleme amac\u0131n\u0131n ortadan kalkmas\u0131 ile INVISIBLE HA\u0130R Veri \u0130mha Politikas\u0131 gere\u011fince ki\u015fisel verilerinizi imha ediyoruz.<\/p>\n\n\n\n<p>\u015eayet daha \u00f6nceden al\u0131nm\u0131\u015f r\u0131za ve izniniz mevcut de\u011filse;<\/p>\n\n\n\n<p>yukar\u0131da belirtilen ve KVKK\u2019 n\u0131n 5\/2 maddesinde yer alan hukuka uygunluk sebeplerinden birine girmeyen ki\u015fisel verileriniz i\u00e7in yasal zorunluluk gere\u011fi a\u00e7\u0131k r\u0131zan\u0131z\u0131 talep edece\u011fiz. Bu durumda, internet sitemizdeki ilgi alanlardaki izin kutucuklar\u0131n\u0131 i\u015faretleyerek kaydol\/g\u00f6nder tu\u015funa basmak suretiyle izin i\u015flemlerinizi ger\u00e7ekle\u015ftirebileceksiniz. Ayn\u0131 \u015fekilde kimlik ve ileti\u015fim bilgileriniz kullan\u0131larak sizlere elektronik ticari ileti g\u00f6nderilebilmesi amac\u0131yla da izniniz talep edilmektedir.<\/p>\n\n\n\n<p><strong>\u0130\u015eLENEN K\u0130\u015e\u0130SEL VER\u0130LER\u0130N K\u0130MLERE VE HANG\u0130 AMA\u00c7LA AKTARILAB\u0130LECE\u011e\u0130<\/strong><\/p>\n\n\n\n<p>Ki\u015fisel verileriniz yukar\u0131da belirtilen dayanak ve ama\u00e7lar kapsam\u0131nda, sizlere \u00fcr\u00fcn ve hizmetlerimizin sunulmas\u0131 i\u00e7in hizmet ald\u0131\u011f\u0131m\u0131z, i\u015f ortaklar\u0131m\u0131za, tedarik\u00e7ilerimize, hizmet ald\u0131\u011f\u0131m\u0131z veya i\u015f birli\u011fi i\u00e7inde oldu\u011fumuz \u00fc\u00e7\u00fcnc\u00fc ki\u015filere, kanunen yetkili kamu kurumlar\u0131 ve \u00f6zel ki\u015filere 6698 say\u0131l\u0131 KVKK\u2019n\u0131n 8. ve 9. maddelerinde belirtilen ki\u015fisel veri i\u015fleme \u015fartlar\u0131 \u00e7er\u00e7evesinde ve bunlarla s\u0131n\u0131rl\u0131 olarak aktar\u0131labilecektir.<\/p>\n\n\n\n<p><strong>K\u0130\u015e\u0130SEL VER\u0130 SAH\u0130B\u0130N\u0130N HAKLARI<\/strong><\/p>\n\n\n\n<p>Ki\u015fisel veri sahipleri olarak, KVKK\u2019 n\u0131n 13. maddesi uyar\u0131nca INVISIBLE HAIR \u2018 a her zaman ba\u015fvurabilirsiniz. Bu kapsamda ilgili ki\u015fi olarak sizler;<\/p>\n\n\n\n<ul><li>Ki\u015fisel veri i\u015flenip i\u015flenmedi\u011fini \u00f6\u011frenme,<\/li><li>Ki\u015fisel verileri i\u015flenmi\u015fse buna ili\u015fkin bilgi talep etme,<\/li><li>Ki\u015fisel verilerin i\u015flenme amac\u0131n\u0131 ve bunlar\u0131n amac\u0131na uygun kullan\u0131l\u0131p kullan\u0131lmad\u0131\u011f\u0131n\u0131 \u00f6\u011frenme,<\/li><li>Yurt i\u00e7inde veya yurt d\u0131\u015f\u0131nda ki\u015fisel verilerin aktar\u0131ld\u0131\u011f\u0131 \u00fc\u00e7\u00fcnc\u00fc ki\u015fileri bilme,<\/li><li>Ki\u015fisel verilerin eksik veya yanl\u0131\u015f i\u015flenmi\u015f olmas\u0131 halinde bunlar\u0131n d\u00fczeltilmesini isteme ve bu kapsamda yap\u0131lan i\u015flemin ki\u015fisel verilerin aktar\u0131ld\u0131\u011f\u0131 \u00fc\u00e7\u00fcnc\u00fc ki\u015filere bildirilmesini isteme,<\/li><li>6698 say\u0131l\u0131 Kanun ve ilgili di\u011fer kanun h\u00fck\u00fcmlerine uygun olarak i\u015flenmi\u015f olmas\u0131na ra\u011fmen, i\u015flenmesini gerektiren sebeplerin ortadan kalkmas\u0131 halinde ki\u015fisel verilerin silinmesini veya yok edilmesini isteme ve bu kapsamda yap\u0131lan i\u015flemin ki\u015fisel verilerin aktar\u0131ld\u0131\u011f\u0131 \u00fc\u00e7\u00fcnc\u00fc ki\u015filere bildirilmesini isteme,<\/li><li>\u0130\u015flenen verilerin m\u00fcnhas\u0131ran otomatik sistemler vas\u0131tas\u0131yla analiz edilmesi suretiyle ki\u015finin kendisi aleyhine bir sonucun ortaya \u00e7\u0131kmas\u0131na itiraz etme,<\/li><li>Ki\u015fisel verilerin kanuna ayk\u0131r\u0131 olarak i\u015flenmesi sebebiyle zarara u\u011franmas\u0131 halinde zarar\u0131n giderilmesini talep etme haklar\u0131na sahipsiniz<\/li><\/ul>\n\n\n\n<p>Yukar\u0131da belirtilen haklar\u0131n\u0131z\u0131 kullanmak i\u00e7in kimli\u011finizi tespit edici gerekli bilgiler ve kullanmak istedi\u011finiz hakk\u0131n\u0131za y\u00f6nelik a\u00e7\u0131klamalar\u0131n\u0131zla birlikte talebinizi KVKK Kanunu ve Veri Sorumlusuna Ba\u015fvuru Usul ve Esaslar\u0131 Hakk\u0131nda Tebli\u011f gere\u011fince, \u201cyaz\u0131l\u0131\u201d olarak \u015eirketimize ba\u015fvuru formunu doldurup imzalayarak, \u015fahsen, noter vas\u0131tas\u0131yla veya ilgili ki\u015fi taraf\u0131ndan \u201cINVISIBLE HAIR\u201d a daha \u00f6nce bildirilen ve INVISIBLE HAIR sisteminde kay\u0131tl\u0131 bulunan elektronik posta adresini ya da sistemimizde kay\u0131tl\u0131 bulunmayan elektronik posta adresini kullanmak suretiyle taraf\u0131m\u0131za iletmeniz gerekmektedir.<\/p>\n\n\n\n<p>Talebinizi taraf\u0131m\u0131za iletmeniz durumunda INVISIBLE HAIR, talebin niteli\u011fine g\u00f6re talebi en k\u0131sa s\u00fcrede ve en ge\u00e7 otuz g\u00fcn i\u00e7inde \u00fccretsiz olarak sonu\u00e7land\u0131racakt\u0131r. Ancak, i\u015flemin ayr\u0131ca bir maliyeti gerektirmesi halinde, INVISIBLE HAIR taraf\u0131ndan Ki\u015fisel Verileri Koruma&nbsp;&nbsp;&nbsp;&nbsp;&nbsp;&nbsp; Kurulu\u2019 nca belirlenen tarifedeki \u00fccret al\u0131nacakt\u0131r.<\/p>\n\n\n\n<p>INVISIBLE HAIR PERUK VE SA\u00c7 TASARIM SANAY\u0130 VE L\u0130M\u0130TED \u015e\u0130RKET\u0130 (Veri Sorumlusu)<\/p>\n\n\n\n<p>Adres&nbsp;&nbsp;&nbsp;&nbsp;&nbsp;&nbsp;&nbsp;&nbsp;&nbsp;&nbsp;&nbsp; : Suadiye Mah., Ba\u011fdat Cad., No: 386 Z\u00fcmr\u00fct Apt. Kat: 3 Daire: 5<\/p>\n\n\n\n<p>&nbsp;&nbsp;&nbsp;&nbsp;&nbsp;&nbsp;&nbsp;&nbsp;&nbsp;&nbsp;&nbsp;&nbsp;&nbsp;&nbsp;&nbsp;&nbsp;&nbsp;&nbsp;&nbsp;&nbsp;&nbsp;&nbsp;&nbsp; Suadiye-Kad\u0131k\u00f6y\/\u0130STANBUL<\/p>\n\n\n\n<p>Web Adresi : www.invisiblehairturkey.com<\/p>\n\n\n\n<p>Telefon&nbsp;&nbsp;&nbsp;&nbsp;&nbsp;&nbsp;&nbsp; : +90 216 489 2 555 &#8211; +90 533 359 65 64<\/p>\n","protected":false},"excerpt":{"rendered":"<p>INVISIBLE HAIR PERUK VE SA\u00c7 TASARIM SANAY\u0130 VE L\u0130M\u0130TED \u015e\u0130RKET\u0130 K\u0130\u015e\u0130SEL VER\u0130LER\u0130N\u0130N KORUNMASINA \u0130L\u0130\u015eK\u0130N AYDINLATMA METN\u0130 Sevgili M\u00fc\u015fterilerimiz ve Ziyaret\u00e7ilerimiz;&#8230;<\/p>\n","protected":false},"author":1,"featured_media":0,"parent":0,"menu_order":0,"comment_status":"closed","ping_status":"open","template":"","meta":[],"yoast_head":"<!-- This site is optimized with the Yoast SEO plugin v15.9.2 - https:\/\/yoast.com\/wordpress\/plugins\/seo\/ -->\r\n<title>K\u0130\u015e\u0130SEL VER\u0130LER\u0130N\u0130N KORUNMASINA \u0130L\u0130\u015eK\u0130N AYDINLATMA METN\u0130 - Invisible Hair Turkey<\/title>\r\n<link rel=\"canonical\" href=\"https:\/\/invisiblehairturkey.com\/en\/kvkk-ve-gizlilik-politikasi\/\" \/>\r\n<meta property=\"og:locale\" content=\"en_US\" \/>\r\n<meta property=\"og:type\" content=\"article\" \/>\r\n<meta property=\"og:title\" content=\"K\u0130\u015e\u0130SEL VER\u0130LER\u0130N\u0130N KORUNMASINA \u0130L\u0130\u015eK\u0130N AYDINLATMA METN\u0130 - Invisible Hair Turkey\" \/>\r\n<meta property=\"og:description\" content=\"INVISIBLE HAIR PERUK VE SA\u00c7 TASARIM SANAY\u0130 VE L\u0130M\u0130TED \u015e\u0130RKET\u0130 K\u0130\u015e\u0130SEL VER\u0130LER\u0130N\u0130N KORUNMASINA \u0130L\u0130\u015eK\u0130N AYDINLATMA METN\u0130 Sevgili M\u00fc\u015fterilerimiz ve Ziyaret\u00e7ilerimiz;...\" \/>\r\n<meta property=\"og:url\" content=\"https:\/\/invisiblehairturkey.com\/en\/kvkk-ve-gizlilik-politikasi\/\" \/>\r\n<meta property=\"og:site_name\" content=\"Invisible Hair Turkey\" \/>\r\n<meta property=\"article:modified_time\" content=\"2021-02-04T15:32:14+00:00\" \/>\r\n<meta name=\"twitter:card\" content=\"summary_large_image\" \/>\r\n<meta name=\"twitter:label1\" content=\"Est. reading time\">\n\t<meta name=\"twitter:data1\" content=\"5 minutes\">\r\n<script type=\"application\/ld+json\" class=\"yoast-schema-graph\">{\"@context\":\"https:\/\/schema.org\",\"@graph\":[{\"@type\":\"WebSite\",\"@id\":\"https:\/\/invisiblehairturkey.com\/#website\",\"url\":\"https:\/\/invisiblehairturkey.com\/\",\"name\":\"Invisible Hair Turkey\",\"description\":\"Invisible Hair Turkey\",\"potentialAction\":[{\"@type\":\"SearchAction\",\"target\":\"https:\/\/invisiblehairturkey.com\/?s={search_term_string}\",\"query-input\":\"required name=search_term_string\"}],\"inLanguage\":\"en-US\"},{\"@type\":\"WebPage\",\"@id\":\"https:\/\/invisiblehairturkey.com\/en\/kvkk-ve-gizlilik-politikasi\/#webpage\",\"url\":\"https:\/\/invisiblehairturkey.com\/en\/kvkk-ve-gizlilik-politikasi\/\",\"name\":\"K\\u0130\\u015e\\u0130SEL VER\\u0130LER\\u0130N\\u0130N KORUNMASINA \\u0130L\\u0130\\u015eK\\u0130N AYDINLATMA METN\\u0130 - Invisible Hair Turkey\",\"isPartOf\":{\"@id\":\"https:\/\/invisiblehairturkey.com\/#website\"},\"datePublished\":\"2020-11-29T19:27:21+00:00\",\"dateModified\":\"2021-02-04T15:32:14+00:00\",\"breadcrumb\":{\"@id\":\"https:\/\/invisiblehairturkey.com\/en\/kvkk-ve-gizlilik-politikasi\/#breadcrumb\"},\"inLanguage\":\"en-US\",\"potentialAction\":[{\"@type\":\"ReadAction\",\"target\":[\"https:\/\/invisiblehairturkey.com\/en\/kvkk-ve-gizlilik-politikasi\/\"]}]},{\"@type\":\"BreadcrumbList\",\"@id\":\"https:\/\/invisiblehairturkey.com\/en\/kvkk-ve-gizlilik-politikasi\/#breadcrumb\",\"itemListElement\":[{\"@type\":\"ListItem\",\"position\":1,\"item\":{\"@type\":\"WebPage\",\"@id\":\"https:\/\/invisiblehairturkey.com\/en\/\",\"url\":\"https:\/\/invisiblehairturkey.com\/en\/\",\"name\":\"Anasayfa\"}},{\"@type\":\"ListItem\",\"position\":2,\"item\":{\"@type\":\"WebPage\",\"@id\":\"https:\/\/invisiblehairturkey.com\/en\/kvkk-ve-gizlilik-politikasi\/\",\"url\":\"https:\/\/invisiblehairturkey.com\/en\/kvkk-ve-gizlilik-politikasi\/\",\"name\":\"K\\u0130\\u015e\\u0130SEL VER\\u0130LER\\u0130N\\u0130N KORUNMASINA \\u0130L\\u0130\\u015eK\\u0130N AYDINLATMA METN\\u0130\"}}]}]}<\/script>\r\n<!-- \/ Yoast SEO plugin. -->","_links":{"self":[{"href":"https:\/\/invisiblehairturkey.com\/en\/wp-json\/wp\/v2\/pages\/3804\/"}],"collection":[{"href":"https:\/\/invisiblehairturkey.com\/en\/wp-json\/wp\/v2\/pages\/"}],"about":[{"href":"https:\/\/invisiblehairturkey.com\/en\/wp-json\/wp\/v2\/types\/page\/"}],"author":[{"embeddable":true,"href":"https:\/\/invisiblehairturkey.com\/en\/wp-json\/wp\/v2\/users\/1\/"}],"replies":[{"embeddable":true,"href":"https:\/\/invisiblehairturkey.com\/en\/wp-json\/wp\/v2\/comments\/?post=3804"}],"version-history":[{"count":0,"href":"https:\/\/invisiblehairturkey.com\/en\/wp-json\/wp\/v2\/pages\/3804\/revisions\/"}],"wp:attachment":[{"href":"https:\/\/invisiblehairturkey.com\/en\/wp-json\/wp\/v2\/media\/?parent=3804"}],"curies":[{"name":"wp","href":"https:\/\/api.w.org\/{rel}","templated":true}]}}